{"id":4669,"date":"2026-03-19T11:20:07","date_gmt":"2026-03-19T10:20:07","guid":{"rendered":"https:\/\/vichtaselect.be\/?page_id=4669"},"modified":"2026-04-03T09:38:08","modified_gmt":"2026-04-03T07:38:08","slug":"recruteurs-freelance","status":"publish","type":"page","link":"https:\/\/vichtaselect.be\/fr\/services\/recruteurs-freelance\/","title":{"rendered":"Recruteurs Freelance"},"content":{"rendered":"\t\t<div data-elementor-type=\"wp-page\" data-elementor-id=\"4669\" class=\"elementor elementor-4669\">\n\t\t\t\t\t\t<section class=\"elementor-section elementor-top-section elementor-element elementor-element-85a5d97 elementor-section-boxed elementor-section-height-default elementor-section-height-default parallax_section_no qode_elementor_container_no\" data-id=\"85a5d97\" data-element_type=\"section\" data-e-type=\"section\">\n\t\t\t\t\t\t<div class=\"elementor-container elementor-column-gap-default\">\n\t\t\t\t\t<div class=\"elementor-column elementor-col-100 elementor-top-column elementor-element elementor-element-db3798a\" data-id=\"db3798a\" data-element_type=\"column\" data-e-type=\"column\">\n\t\t\t<div class=\"elementor-widget-wrap elementor-element-populated\">\n\t\t\t\t\t\t<div class=\"elementor-element elementor-element-d07429a elementor-widget__width-initial elementor-widget elementor-widget-text-editor\" data-id=\"d07429a\" data-element_type=\"widget\" data-e-type=\"widget\" data-widget_type=\"text-editor.default\">\n\t\t\t\t<div class=\"elementor-widget-container\">\n\t\t\t\t\t\t\t\t\t<h2 class=\"elementor-heading-title elementor-size-default elementor-inline-editing pen\" style=\"background-color: #0490b8; padding: 25px 15px; color: white; text-transform: uppercase; text-align: center;\">Recrutement freelance | Connecter les meilleurs talents \u00e0 vos projets<\/h2>\t\t\t\t\t\t\t\t<\/div>\n\t\t\t\t<\/div>\n\t\t\t\t\t<\/div>\n\t\t<\/div>\n\t\t\t\t\t<\/div>\n\t\t<\/section>\n\t\t\t\t<section class=\"elementor-section elementor-top-section elementor-element elementor-element-65b3529 elementor-section-boxed elementor-section-height-default elementor-section-height-default parallax_section_no qode_elementor_container_no\" data-id=\"65b3529\" data-element_type=\"section\" data-e-type=\"section\">\n\t\t\t\t\t\t<div class=\"elementor-container elementor-column-gap-default\">\n\t\t\t\t\t<div class=\"elementor-column elementor-col-50 elementor-top-column elementor-element elementor-element-9f66d4e\" data-id=\"9f66d4e\" data-element_type=\"column\" data-e-type=\"column\">\n\t\t\t<div class=\"elementor-widget-wrap elementor-element-populated\">\n\t\t\t\t\t\t<div class=\"elementor-element elementor-element-b458b6f elementor-widget elementor-widget-text-editor\" data-id=\"b458b6f\" data-element_type=\"widget\" data-e-type=\"widget\" data-widget_type=\"text-editor.default\">\n\t\t\t\t<div class=\"elementor-widget-container\">\n\t\t\t\t\t\t\t\t\t<h3 style=\"color: #0490b8; text-transform: uppercase; padding: 15px;\">Freelance | Recruteur freelance | Offres de mission | Talents<\/h3>\n<div style=\"text-align: left; padding: 15px;\">\n\nVous recherchez un <strong>recruteur freelance capable de connecter rapidement votre entreprise aux bons talents<\/strong> ?\n\n<\/div>\n<div style=\"text-align: left; padding: 15px;\">\n\nChez <strong>Vichta Select<\/strong>, nous sommes sp\u00e9cialis\u00e9s dans le recrutement freelance en Belgique. Nous <strong>accompagnons les entreprises dans la recherche de profils qualifi\u00e9s<\/strong> pour des <strong>projets de courte ou de longue dur\u00e9e<\/strong>, tout en mettant en relation les freelances avec des offres de mission attractives en Belgique.\n\n<\/div>\n<div style=\"text-align: left; padding: 15px;\">\n\nNotre objectif est simple : vous proposer le bon talent, au bon moment, afin de garantir la r\u00e9ussite de vos projets.\n\n<\/div>\t\t\t\t\t\t\t\t<\/div>\n\t\t\t\t<\/div>\n\t\t\t\t\t<\/div>\n\t\t<\/div>\n\t\t\t\t<div class=\"elementor-column elementor-col-50 elementor-top-column elementor-element elementor-element-710447b\" data-id=\"710447b\" data-element_type=\"column\" data-e-type=\"column\">\n\t\t\t<div class=\"elementor-widget-wrap elementor-element-populated\">\n\t\t\t\t\t\t<div class=\"elementor-element elementor-element-478aed1 elementor-widget elementor-widget-text-editor\" data-id=\"478aed1\" data-element_type=\"widget\" data-e-type=\"widget\" data-widget_type=\"text-editor.default\">\n\t\t\t\t<div class=\"elementor-widget-container\">\n\t\t\t\t\t\t\t\t\t<h3 style=\"color: #0490b8; text-transform: uppercase; padding: 15px;\">Services pour les entreprises<\/h3><div style=\"text-align: left; padding: 15px;\">As your trusted <strong>En tant que partenaire de confiance en recrutement freelance<\/strong>, nous vous aidons \u00e0 :<\/div><div style=\"text-align: left; padding: 15px;\"><ul style=\"padding-left: 2%;\"><li>identifier et recruter les meilleurs <strong>profils freelance<\/strong> pour vos projets<\/li><li>trouver des talents pour des fonctions <strong>IT, techniques, op\u00e9rationnelles ou commerciales<\/strong><\/li><li>acc\u00e9der \u00e0 un large r\u00e9seau de <strong>freelances exp\u00e9riment\u00e9s<\/strong><\/li><li>b\u00e9n\u00e9ficier d\u2019un accompagnement personnalis\u00e9 et d\u2019un suivi tout au long de la mission<\/li><\/ul><\/div><div style=\"text-align: left; padding: 15px;\">Que vous recherchiez des experts IT, des chefs de projet ou des sp\u00e9cialistes de niche, <strong>Vichta Select<\/strong> vous propose des <strong>freelances qualifi\u00e9s<\/strong>, capables de g\u00e9n\u00e9rer des r\u00e9sultats concrets et de r\u00e9pondre \u00e0 vos objectifs.<\/div>\t\t\t\t\t\t\t\t<\/div>\n\t\t\t\t<\/div>\n\t\t\t\t\t<\/div>\n\t\t<\/div>\n\t\t\t\t\t<\/div>\n\t\t<\/section>\n\t\t\t\t<section class=\"elementor-section elementor-top-section elementor-element elementor-element-074b8c3 elementor-section-boxed elementor-section-height-default elementor-section-height-default parallax_section_no qode_elementor_container_no\" data-id=\"074b8c3\" data-element_type=\"section\" data-e-type=\"section\">\n\t\t\t\t\t\t<div class=\"elementor-container elementor-column-gap-default\">\n\t\t\t\t\t<div class=\"elementor-column elementor-col-50 elementor-top-column elementor-element elementor-element-844a35e\" data-id=\"844a35e\" data-element_type=\"column\" data-e-type=\"column\">\n\t\t\t<div class=\"elementor-widget-wrap elementor-element-populated\">\n\t\t\t\t\t\t<div class=\"elementor-element elementor-element-8dc1161 elementor-widget elementor-widget-text-editor\" data-id=\"8dc1161\" data-element_type=\"widget\" data-e-type=\"widget\" data-widget_type=\"text-editor.default\">\n\t\t\t\t<div class=\"elementor-widget-container\">\n\t\t\t\t\t\t\t\t\t<h2 class=\"elementor-heading-title elementor-size-default elementor-inline-editing pen\" style=\"background-color: #0490b8; padding: 25px 15px; color: white; text-transform: uppercase; text-align: center;\">Offres de mission pour les freelances<\/h2><div style=\"text-align: left; padding: 15px;\"><p>Chez <strong>Vichta Select<\/strong>, nous proposons des services de <strong>recrutement de qualit\u00e9 en Belgique<\/strong>, align\u00e9s sur les objectifs des entreprises et les ambitions des ind\u00e9pendants.<br \/><br \/><\/p><p>Vous \u00eates freelance et \u00e0 la recherche de <strong>missions en Belgique<\/strong> ?<\/p><\/div><div style=\"text-align: left; padding: 15px;\">Nous vous aidons \u00e0 :<\/div><ul style=\"padding-left: 2%;\"><li>We connect you with companies seeking your expertise<\/li><li>We guide you throughout the assignment process, from briefing to completion.<\/li><li>We match your skills with projects that align with your experience and career goals<\/li><li>Access diverse missions across IT, commercial, operational, infrastructure, and support functions<\/li><\/ul><div style=\"text-align: left; padding: 15px;\">Notre ambition est de cr\u00e9er le <strong data-start=\"2243\" data-end=\"2293\">meilleur match entre freelances et entreprises<\/strong>, pour des collaborations efficaces, durables et \u00e0 forte valeur ajout\u00e9e.<\/div>\t\t\t\t\t\t\t\t<\/div>\n\t\t\t\t<\/div>\n\t\t\t\t\t<\/div>\n\t\t<\/div>\n\t\t\t\t<div class=\"elementor-column elementor-col-50 elementor-top-column elementor-element elementor-element-da34ea9\" data-id=\"da34ea9\" data-element_type=\"column\" data-e-type=\"column\">\n\t\t\t<div class=\"elementor-widget-wrap elementor-element-populated\">\n\t\t\t\t\t\t<div class=\"elementor-element elementor-element-4b65d00 elementor-widget elementor-widget-image\" data-id=\"4b65d00\" data-element_type=\"widget\" data-e-type=\"widget\" data-widget_type=\"image.default\">\n\t\t\t\t<div class=\"elementor-widget-container\">\n\t\t\t\t\t\t\t\t\t\t\t\t\t\t\t<img fetchpriority=\"high\" decoding=\"async\" width=\"570\" height=\"570\" src=\"https:\/\/vichtaselect.be\/wp-content\/uploads\/2022\/12\/we-are-hiring-text-on-light-box-sign-as-minimalist-2022-11-09-19-51-01-utc-570x570.jpg\" class=\"attachment-portfolio-square size-portfolio-square wp-image-685\" alt=\"\" srcset=\"https:\/\/vichtaselect.be\/wp-content\/uploads\/2022\/12\/we-are-hiring-text-on-light-box-sign-as-minimalist-2022-11-09-19-51-01-utc-570x570.jpg 570w, https:\/\/vichtaselect.be\/wp-content\/uploads\/2022\/12\/we-are-hiring-text-on-light-box-sign-as-minimalist-2022-11-09-19-51-01-utc-150x150.jpg 150w, https:\/\/vichtaselect.be\/wp-content\/uploads\/2022\/12\/we-are-hiring-text-on-light-box-sign-as-minimalist-2022-11-09-19-51-01-utc-500x500.jpg 500w, https:\/\/vichtaselect.be\/wp-content\/uploads\/2022\/12\/we-are-hiring-text-on-light-box-sign-as-minimalist-2022-11-09-19-51-01-utc-1000x1000.jpg 1000w, https:\/\/vichtaselect.be\/wp-content\/uploads\/2022\/12\/we-are-hiring-text-on-light-box-sign-as-minimalist-2022-11-09-19-51-01-utc-650x650.jpg 650w, https:\/\/vichtaselect.be\/wp-content\/uploads\/2022\/12\/we-are-hiring-text-on-light-box-sign-as-minimalist-2022-11-09-19-51-01-utc-1300x1300.jpg 1300w\" sizes=\"(max-width: 570px) 100vw, 570px\" \/>\t\t\t\t\t\t\t\t\t\t\t\t\t\t\t<\/div>\n\t\t\t\t<\/div>\n\t\t\t\t\t<\/div>\n\t\t<\/div>\n\t\t\t\t\t<\/div>\n\t\t<\/section>\n\t\t\t\t<section class=\"elementor-section elementor-top-section elementor-element elementor-element-6b1cdc8 elementor-section-boxed elementor-section-height-default elementor-section-height-default parallax_section_no qode_elementor_container_no\" data-id=\"6b1cdc8\" data-element_type=\"section\" data-e-type=\"section\">\n\t\t\t\t\t\t<div class=\"elementor-container elementor-column-gap-default\">\n\t\t\t\t\t<div class=\"elementor-column elementor-col-100 elementor-top-column elementor-element elementor-element-babfd12\" data-id=\"babfd12\" data-element_type=\"column\" data-e-type=\"column\">\n\t\t\t<div class=\"elementor-widget-wrap elementor-element-populated\">\n\t\t\t\t\t\t<div class=\"elementor-element elementor-element-3e3d35c elementor-widget elementor-widget-bridge_button\" data-id=\"3e3d35c\" data-element_type=\"widget\" data-e-type=\"widget\" data-widget_type=\"bridge_button.default\">\n\t\t\t\t<div class=\"elementor-widget-container\">\n\t\t\t\t\t<a  itemprop=\"url\" href=\"https:\/\/vichtaselect.be\/fr\/contact\/\" target=\"_self\"  class=\"qbutton  big_large_full_width default  qode-button-shadow\" style=\"\">Contactez-nous<i class=\"qode_icon_font_awesome fa fa-user qode_button_icon_element\"><\/i><\/a>\t\t\t\t<\/div>\n\t\t\t\t<\/div>\n\t\t\t\t\t<\/div>\n\t\t<\/div>\n\t\t\t\t\t<\/div>\n\t\t<\/section>\n\t\t\t\t<section class=\"elementor-section elementor-top-section elementor-element elementor-element-d86085d elementor-section-boxed elementor-section-height-default elementor-section-height-default parallax_section_no qode_elementor_container_no\" data-id=\"d86085d\" data-element_type=\"section\" data-e-type=\"section\">\n\t\t\t\t\t\t<div class=\"elementor-container elementor-column-gap-default\">\n\t\t\t\t\t<div class=\"elementor-column elementor-col-100 elementor-top-column elementor-element elementor-element-74ee54e\" data-id=\"74ee54e\" data-element_type=\"column\" data-e-type=\"column\">\n\t\t\t<div class=\"elementor-widget-wrap elementor-element-populated\">\n\t\t\t\t\t\t<div class=\"elementor-element elementor-element-558d879 elementor-widget elementor-widget-text-editor\" data-id=\"558d879\" data-element_type=\"widget\" data-e-type=\"widget\" data-widget_type=\"text-editor.default\">\n\t\t\t\t<div class=\"elementor-widget-container\">\n\t\t\t\t\t\t\t\t\t<h2 style=\"background-color: #0490b8; padding: 25px 15px; color: white; text-transform: uppercase; text-align: center;\">Pourquoi choisir Vichta Select comme recruteur freelance ?<\/h2>\n<div style=\"text-align: left; padding: 15px;\">\nFaire appel \u00e0 Vichta Select, c\u2019est choisir un partenaire qui conna\u00eet parfaitement le march\u00e9 freelance belge.<\/div>\n<div style=\"text-align: left; padding: 15px;\">\n<ul style=\"padding-left: 2%;\">\n <li>une solide exp\u00e9rience du recrutement freelance en Belgique<\/li>\n <li>un vaste r\u00e9seau de professionnels qualifi\u00e9s<\/li>\n <li>un processus de recrutement rapide et efficace<\/li>\n <li>un accompagnement personnalis\u00e9, tant pour les entreprises que pour les freelances<\/li>\n<\/ul>\n<\/div>\n<div style=\"text-align: left; padding: 15px;\">Chaque mission que nous g\u00e9rons fait l\u2019objet d\u2019une s\u00e9lection rigoureuse afin d\u2019identifier le professionnel le plus adapt\u00e9, et d\u2019assurer une ex\u00e9cution fluide et performante du projet.<\/div>\t\t\t\t\t\t\t\t<\/div>\n\t\t\t\t<\/div>\n\t\t\t\t\t<\/div>\n\t\t<\/div>\n\t\t\t\t\t<\/div>\n\t\t<\/section>\n\t\t\t\t<section class=\"elementor-section elementor-top-section elementor-element elementor-element-36bf089 elementor-section-boxed elementor-section-height-default elementor-section-height-default parallax_section_no qode_elementor_container_no\" data-id=\"36bf089\" data-element_type=\"section\" data-e-type=\"section\">\n\t\t\t\t\t\t<div class=\"elementor-container elementor-column-gap-default\">\n\t\t\t\t\t<div class=\"elementor-column elementor-col-100 elementor-top-column elementor-element elementor-element-f3fbff5\" data-id=\"f3fbff5\" data-element_type=\"column\" data-e-type=\"column\">\n\t\t\t<div class=\"elementor-widget-wrap elementor-element-populated\">\n\t\t\t\t\t\t<div class=\"elementor-element elementor-element-fa510e7 elementor-widget elementor-widget-text-editor\" data-id=\"fa510e7\" data-element_type=\"widget\" data-e-type=\"widget\" data-widget_type=\"text-editor.default\">\n\t\t\t\t<div class=\"elementor-widget-container\">\n\t\t\t\t\t\t\t\t\t<h2 style=\"background-color: #0490b8; padding: 25px; color: white; text-transform: uppercase; font-size: 24px; text-align: center;\">Contactez Vichta Select, votre partenaire en recrutement freelance<\/h2>\n<div style=\"text-align: left; padding: 15px;\">Vous avez besoin de talents freelance pour renforcer vos \u00e9quipes ?<br\/>\nOu vous \u00eates \u00e0 la recherche de votre <strong>prochaine mission freelance en Belgique<\/strong> ?<\/div>\n<div style=\"text-align: left; padding: 15px;\">Consultez nos opportunit\u00e9s et \u00e9changez avec notre \u00e9quipe.<\/div>\n<div style=\"text-align: left; padding: 15px; font-size: 16px;\">\n\n\ud83d\udcde <strong>Contactez Vichta Select d\u00e8s aujourd\u2019hui<\/strong> et d\u00e9couvrez comment nos solutions en <strong>recrutement freelance<\/strong> peuvent contribuer au succ\u00e8s de vos projets, rapidement, efficacement et avec les bons profils.\n\n<\/div>\t\t\t\t\t\t\t\t<\/div>\n\t\t\t\t<\/div>\n\t\t\t\t\t<\/div>\n\t\t<\/div>\n\t\t\t\t\t<\/div>\n\t\t<\/section>\n\t\t\t\t<section class=\"elementor-section elementor-top-section elementor-element elementor-element-b36b97d elementor-section-boxed elementor-section-height-default elementor-section-height-default parallax_section_no qode_elementor_container_no\" data-id=\"b36b97d\" data-element_type=\"section\" data-e-type=\"section\">\n\t\t\t\t\t\t<div class=\"elementor-container elementor-column-gap-default\">\n\t\t\t\t\t<div class=\"elementor-column elementor-col-100 elementor-top-column elementor-element elementor-element-7b48b2d\" data-id=\"7b48b2d\" data-element_type=\"column\" data-e-type=\"column\" data-settings=\"{&quot;background_background&quot;:&quot;classic&quot;}\">\n\t\t\t<div class=\"elementor-widget-wrap elementor-element-populated\">\n\t\t\t\t\t\t<div class=\"elementor-element elementor-element-1d54689 elementor-widget elementor-widget-bridge_button\" data-id=\"1d54689\" data-element_type=\"widget\" data-e-type=\"widget\" data-widget_type=\"bridge_button.default\">\n\t\t\t\t<div class=\"elementor-widget-container\">\n\t\t\t\t\t<a  itemprop=\"url\" href=\"https:\/\/vichtaselect.be\/fr\/contact\/\" target=\"_self\"  class=\"qbutton  big_large_full_width default  qode-button-shadow\" style=\"\">Contactez-nous<i class=\"qode_icon_font_awesome fa fa-user qode_button_icon_element\"><\/i><\/a>\t\t\t\t<\/div>\n\t\t\t\t<\/div>\n\t\t\t\t\t<\/div>\n\t\t<\/div>\n\t\t\t\t\t<\/div>\n\t\t<\/section>\n\t\t\t\t<\/div>\n\t\t","protected":false},"excerpt":{"rendered":"<p>Recrutement freelance | Connecter les meilleurs talents \u00e0 vos projets Freelance | Recruteur freelance | Offres de mission | Talents Vous recherchez un recruteur freelance capable de connecter rapidement votre entreprise aux bons talents ? Chez Vichta Select, nous sommes sp\u00e9cialis\u00e9s dans le recrutement freelance&#8230;<\/p>\n","protected":false},"author":2,"featured_media":0,"parent":3981,"menu_order":0,"comment_status":"closed","ping_status":"closed","template":"","meta":{"footnotes":""},"class_list":["post-4669","page","type-page","status-publish","hentry"],"yoast_head":"<!-- This site is optimized with the Yoast SEO plugin v27.5 - https:\/\/yoast.com\/product\/yoast-seo-wordpress\/ -->\n<title>Recruteurs Freelance - Vichta Select<\/title>\n<meta name=\"robots\" content=\"index, follow, max-snippet:-1, max-image-preview:large, max-video-preview:-1\" \/>\n<link rel=\"canonical\" href=\"https:\/\/vichtaselect.be\/fr\/services\/recruteurs-freelance\/\" \/>\n<meta property=\"og:locale\" content=\"fr_FR\" \/>\n<meta property=\"og:type\" content=\"article\" \/>\n<meta property=\"og:title\" content=\"Recruteurs Freelance - Vichta Select\" \/>\n<meta property=\"og:description\" content=\"Recrutement freelance | Connecter les meilleurs talents \u00e0 vos projets Freelance | Recruteur freelance | Offres de mission | Talents Vous recherchez un recruteur freelance capable de connecter rapidement votre entreprise aux bons talents ? Chez Vichta Select, nous sommes sp\u00e9cialis\u00e9s dans le recrutement freelance...\" \/>\n<meta property=\"og:url\" content=\"https:\/\/vichtaselect.be\/fr\/services\/recruteurs-freelance\/\" \/>\n<meta property=\"og:site_name\" content=\"Vichta Select\" \/>\n<meta property=\"article:modified_time\" content=\"2026-04-03T07:38:08+00:00\" \/>\n<meta property=\"og:image\" content=\"https:\/\/vichtaselect.be\/wp-content\/uploads\/2022\/12\/we-are-hiring-text-on-light-box-sign-as-minimalist-2022-11-09-19-51-01-utc-scaled.jpg\" \/>\n\t<meta property=\"og:image:width\" content=\"2560\" \/>\n\t<meta property=\"og:image:height\" content=\"1707\" \/>\n\t<meta property=\"og:image:type\" content=\"image\/jpeg\" \/>\n<meta name=\"twitter:card\" content=\"summary_large_image\" \/>\n<meta name=\"twitter:label1\" content=\"Dur\u00e9e de lecture estim\u00e9e\" \/>\n\t<meta name=\"twitter:data1\" content=\"3 minutes\" \/>\n<script type=\"application\/ld+json\" class=\"yoast-schema-graph\">{\"@context\":\"https:\\\/\\\/schema.org\",\"@graph\":[{\"@type\":\"WebPage\",\"@id\":\"https:\\\/\\\/vichtaselect.be\\\/fr\\\/services\\\/recruteurs-freelance\\\/\",\"url\":\"https:\\\/\\\/vichtaselect.be\\\/fr\\\/services\\\/recruteurs-freelance\\\/\",\"name\":\"Recruteurs Freelance - Vichta Select\",\"isPartOf\":{\"@id\":\"https:\\\/\\\/vichtaselect.be\\\/#website\"},\"primaryImageOfPage\":{\"@id\":\"https:\\\/\\\/vichtaselect.be\\\/fr\\\/services\\\/recruteurs-freelance\\\/#primaryimage\"},\"image\":{\"@id\":\"https:\\\/\\\/vichtaselect.be\\\/fr\\\/services\\\/recruteurs-freelance\\\/#primaryimage\"},\"thumbnailUrl\":\"https:\\\/\\\/vichtaselect.be\\\/wp-content\\\/uploads\\\/2022\\\/12\\\/we-are-hiring-text-on-light-box-sign-as-minimalist-2022-11-09-19-51-01-utc-570x570.jpg\",\"datePublished\":\"2026-03-19T10:20:07+00:00\",\"dateModified\":\"2026-04-03T07:38:08+00:00\",\"breadcrumb\":{\"@id\":\"https:\\\/\\\/vichtaselect.be\\\/fr\\\/services\\\/recruteurs-freelance\\\/#breadcrumb\"},\"inLanguage\":\"fr-FR\",\"potentialAction\":[{\"@type\":\"ReadAction\",\"target\":[\"https:\\\/\\\/vichtaselect.be\\\/fr\\\/services\\\/recruteurs-freelance\\\/\"]}]},{\"@type\":\"ImageObject\",\"inLanguage\":\"fr-FR\",\"@id\":\"https:\\\/\\\/vichtaselect.be\\\/fr\\\/services\\\/recruteurs-freelance\\\/#primaryimage\",\"url\":\"https:\\\/\\\/vichtaselect.be\\\/wp-content\\\/uploads\\\/2022\\\/12\\\/we-are-hiring-text-on-light-box-sign-as-minimalist-2022-11-09-19-51-01-utc-570x570.jpg\",\"contentUrl\":\"https:\\\/\\\/vichtaselect.be\\\/wp-content\\\/uploads\\\/2022\\\/12\\\/we-are-hiring-text-on-light-box-sign-as-minimalist-2022-11-09-19-51-01-utc-570x570.jpg\"},{\"@type\":\"BreadcrumbList\",\"@id\":\"https:\\\/\\\/vichtaselect.be\\\/fr\\\/services\\\/recruteurs-freelance\\\/#breadcrumb\",\"itemListElement\":[{\"@type\":\"ListItem\",\"position\":1,\"name\":\"Home\",\"item\":\"https:\\\/\\\/vichtaselect.be\\\/fr\\\/\"},{\"@type\":\"ListItem\",\"position\":2,\"name\":\"Services\",\"item\":\"https:\\\/\\\/vichtaselect.be\\\/fr\\\/services\\\/\"},{\"@type\":\"ListItem\",\"position\":3,\"name\":\"Recruteurs Freelance\"}]},{\"@type\":\"WebSite\",\"@id\":\"https:\\\/\\\/vichtaselect.be\\\/#website\",\"url\":\"https:\\\/\\\/vichtaselect.be\\\/\",\"name\":\"Vichta Select\",\"description\":\"Recruitment professionals\",\"potentialAction\":[{\"@type\":\"SearchAction\",\"target\":{\"@type\":\"EntryPoint\",\"urlTemplate\":\"https:\\\/\\\/vichtaselect.be\\\/?s={search_term_string}\"},\"query-input\":{\"@type\":\"PropertyValueSpecification\",\"valueRequired\":true,\"valueName\":\"search_term_string\"}}],\"inLanguage\":\"fr-FR\"}]}<\/script>\n<!-- \/ Yoast SEO plugin. -->","yoast_head_json":{"title":"Recruteurs Freelance - Vichta Select","robots":{"index":"index","follow":"follow","max-snippet":"max-snippet:-1","max-image-preview":"max-image-preview:large","max-video-preview":"max-video-preview:-1"},"canonical":"https:\/\/vichtaselect.be\/fr\/services\/recruteurs-freelance\/","og_locale":"fr_FR","og_type":"article","og_title":"Recruteurs Freelance - Vichta Select","og_description":"Recrutement freelance | Connecter les meilleurs talents \u00e0 vos projets Freelance | Recruteur freelance | Offres de mission | Talents Vous recherchez un recruteur freelance capable de connecter rapidement votre entreprise aux bons talents ? Chez Vichta Select, nous sommes sp\u00e9cialis\u00e9s dans le recrutement freelance...","og_url":"https:\/\/vichtaselect.be\/fr\/services\/recruteurs-freelance\/","og_site_name":"Vichta Select","article_modified_time":"2026-04-03T07:38:08+00:00","og_image":[{"width":2560,"height":1707,"url":"https:\/\/vichtaselect.be\/wp-content\/uploads\/2022\/12\/we-are-hiring-text-on-light-box-sign-as-minimalist-2022-11-09-19-51-01-utc-scaled.jpg","type":"image\/jpeg"}],"twitter_card":"summary_large_image","twitter_misc":{"Dur\u00e9e de lecture estim\u00e9e":"3 minutes"},"schema":{"@context":"https:\/\/schema.org","@graph":[{"@type":"WebPage","@id":"https:\/\/vichtaselect.be\/fr\/services\/recruteurs-freelance\/","url":"https:\/\/vichtaselect.be\/fr\/services\/recruteurs-freelance\/","name":"Recruteurs Freelance - Vichta Select","isPartOf":{"@id":"https:\/\/vichtaselect.be\/#website"},"primaryImageOfPage":{"@id":"https:\/\/vichtaselect.be\/fr\/services\/recruteurs-freelance\/#primaryimage"},"image":{"@id":"https:\/\/vichtaselect.be\/fr\/services\/recruteurs-freelance\/#primaryimage"},"thumbnailUrl":"https:\/\/vichtaselect.be\/wp-content\/uploads\/2022\/12\/we-are-hiring-text-on-light-box-sign-as-minimalist-2022-11-09-19-51-01-utc-570x570.jpg","datePublished":"2026-03-19T10:20:07+00:00","dateModified":"2026-04-03T07:38:08+00:00","breadcrumb":{"@id":"https:\/\/vichtaselect.be\/fr\/services\/recruteurs-freelance\/#breadcrumb"},"inLanguage":"fr-FR","potentialAction":[{"@type":"ReadAction","target":["https:\/\/vichtaselect.be\/fr\/services\/recruteurs-freelance\/"]}]},{"@type":"ImageObject","inLanguage":"fr-FR","@id":"https:\/\/vichtaselect.be\/fr\/services\/recruteurs-freelance\/#primaryimage","url":"https:\/\/vichtaselect.be\/wp-content\/uploads\/2022\/12\/we-are-hiring-text-on-light-box-sign-as-minimalist-2022-11-09-19-51-01-utc-570x570.jpg","contentUrl":"https:\/\/vichtaselect.be\/wp-content\/uploads\/2022\/12\/we-are-hiring-text-on-light-box-sign-as-minimalist-2022-11-09-19-51-01-utc-570x570.jpg"},{"@type":"BreadcrumbList","@id":"https:\/\/vichtaselect.be\/fr\/services\/recruteurs-freelance\/#breadcrumb","itemListElement":[{"@type":"ListItem","position":1,"name":"Home","item":"https:\/\/vichtaselect.be\/fr\/"},{"@type":"ListItem","position":2,"name":"Services","item":"https:\/\/vichtaselect.be\/fr\/services\/"},{"@type":"ListItem","position":3,"name":"Recruteurs Freelance"}]},{"@type":"WebSite","@id":"https:\/\/vichtaselect.be\/#website","url":"https:\/\/vichtaselect.be\/","name":"Vichta Select","description":"Recruitment professionals","potentialAction":[{"@type":"SearchAction","target":{"@type":"EntryPoint","urlTemplate":"https:\/\/vichtaselect.be\/?s={search_term_string}"},"query-input":{"@type":"PropertyValueSpecification","valueRequired":true,"valueName":"search_term_string"}}],"inLanguage":"fr-FR"}]}},"_links":{"self":[{"href":"https:\/\/vichtaselect.be\/fr\/wp-json\/wp\/v2\/pages\/4669","targetHints":{"allow":["GET"]}}],"collection":[{"href":"https:\/\/vichtaselect.be\/fr\/wp-json\/wp\/v2\/pages"}],"about":[{"href":"https:\/\/vichtaselect.be\/fr\/wp-json\/wp\/v2\/types\/page"}],"author":[{"embeddable":true,"href":"https:\/\/vichtaselect.be\/fr\/wp-json\/wp\/v2\/users\/2"}],"replies":[{"embeddable":true,"href":"https:\/\/vichtaselect.be\/fr\/wp-json\/wp\/v2\/comments?post=4669"}],"version-history":[{"count":2,"href":"https:\/\/vichtaselect.be\/fr\/wp-json\/wp\/v2\/pages\/4669\/revisions"}],"predecessor-version":[{"id":4716,"href":"https:\/\/vichtaselect.be\/fr\/wp-json\/wp\/v2\/pages\/4669\/revisions\/4716"}],"up":[{"embeddable":true,"href":"https:\/\/vichtaselect.be\/fr\/wp-json\/wp\/v2\/pages\/3981"}],"wp:attachment":[{"href":"https:\/\/vichtaselect.be\/fr\/wp-json\/wp\/v2\/media?parent=4669"}],"curies":[{"name":"wp","href":"https:\/\/api.w.org\/{rel}","templated":true}]}}