{"id":4090,"date":"2025-08-12T17:17:41","date_gmt":"2025-08-12T15:17:41","guid":{"rendered":"https:\/\/vichtaselect.be\/?page_id=4090"},"modified":"2025-11-27T10:38:46","modified_gmt":"2025-11-27T09:38:46","slug":"postuler","status":"publish","type":"page","link":"https:\/\/vichtaselect.be\/fr\/postuler\/","title":{"rendered":"Postuler"},"content":{"rendered":"<p><img decoding=\"async\" class=\"size-large wp-image-4198\" src=\"https:\/\/spcdn.shortpixel.ai\/spio\/ret_img,q_cdnize,to_auto,s_webp:avif\/vichtaselect.be\/wp-content\/uploads\/2022\/12\/smiling-recruiters-talking-to-applicant-2021-08-26-15-44-01-utc-1024x317.jpg\" alt=\"\" width=\"100%\" height=\"auto\" srcset=\"https:\/\/spcdn.shortpixel.ai\/spio\/ret_img,q_cdnize,to_auto,s_webp:avif\/vichtaselect.be\/wp-content\/uploads\/2022\/12\/smiling-recruiters-talking-to-applicant-2021-08-26-15-44-01-utc-1024x317.jpg 1024w, https:\/\/spcdn.shortpixel.ai\/spio\/ret_img,q_cdnize,to_auto,s_webp:avif\/vichtaselect.be\/wp-content\/uploads\/2022\/12\/smiling-recruiters-talking-to-applicant-2021-08-26-15-44-01-utc-300x93.jpg 300w, https:\/\/spcdn.shortpixel.ai\/spio\/ret_img,q_cdnize,to_auto,s_webp:avif\/vichtaselect.be\/wp-content\/uploads\/2022\/12\/smiling-recruiters-talking-to-applicant-2021-08-26-15-44-01-utc-768x237.jpg 768w, https:\/\/spcdn.shortpixel.ai\/spio\/ret_img,q_cdnize,to_auto,s_webp:avif\/vichtaselect.be\/wp-content\/uploads\/2022\/12\/smiling-recruiters-talking-to-applicant-2021-08-26-15-44-01-utc-1536x475.jpg 1536w, https:\/\/spcdn.shortpixel.ai\/spio\/ret_img,q_cdnize,to_auto,s_webp:avif\/vichtaselect.be\/wp-content\/uploads\/2022\/12\/smiling-recruiters-talking-to-applicant-2021-08-26-15-44-01-utc-2048x633.jpg 2048w, https:\/\/spcdn.shortpixel.ai\/spio\/ret_img,q_cdnize,to_auto,s_webp:avif\/vichtaselect.be\/wp-content\/uploads\/2022\/12\/smiling-recruiters-talking-to-applicant-2021-08-26-15-44-01-utc-700x216.jpg 700w\" sizes=\"(max-width: 1024px) 100vw, 1024px\" \/><br \/>\n<\/p>\n<hr \/>\n\n<div class=\"wpcf7 no-js\" id=\"wpcf7-f4089-o1\" lang=\"fr-FR\" dir=\"ltr\" data-wpcf7-id=\"4089\">\n<div class=\"screen-reader-response\"><p role=\"status\" aria-live=\"polite\" aria-atomic=\"true\"><\/p> <ul><\/ul><\/div>\n<form action=\"\/fr\/wp-json\/wp\/v2\/pages\/4090#wpcf7-f4089-o1\" method=\"post\" class=\"wpcf7-form init\" aria-label=\"Formulaire de contact\" enctype=\"multipart\/form-data\" novalidate=\"novalidate\" data-status=\"init\">\n<fieldset class=\"hidden-fields-container\"><input type=\"hidden\" name=\"_wpcf7\" value=\"4089\" \/><input type=\"hidden\" name=\"_wpcf7_version\" value=\"6.1.5\" \/><input type=\"hidden\" name=\"_wpcf7_locale\" value=\"fr_FR\" \/><input type=\"hidden\" name=\"_wpcf7_unit_tag\" value=\"wpcf7-f4089-o1\" \/><input type=\"hidden\" name=\"_wpcf7_container_post\" value=\"0\" \/><input type=\"hidden\" name=\"_wpcf7_posted_data_hash\" value=\"\" \/>\n<\/fieldset>\n<div style=\"vertical-align:baseline;max-width:80%;\">\n<div class=\"two_columns_50_50 clearfix\">\n<div class=\"column1\">\n<label>Nom *<\/label>\n<\/div>\n<div class=\"column2\">\n<span class=\"wpcf7-form-control-wrap\" data-name=\"your-name\"><input size=\"40\" maxlength=\"400\" class=\"wpcf7-form-control wpcf7-text wpcf7-validates-as-required\" autocomplete=\"family-name\" aria-required=\"true\" aria-invalid=\"false\" value=\"\" type=\"text\" name=\"your-name\" \/><\/span>\n<\/div>\n<\/div>\n\n<div class=\"two_columns_50_50 clearfix\">\n<div style=\"vertical-align:baseline;\" class=\"column1\">\n<label>Pr\u00e9nom *<\/label>\n<\/div>\n<div class=\"column2\">\n<span class=\"wpcf7-form-control-wrap\" data-name=\"your-firstname\"><input size=\"40\" maxlength=\"400\" class=\"wpcf7-form-control wpcf7-text wpcf7-validates-as-required\" autocomplete=\"given-name\" aria-required=\"true\" aria-invalid=\"false\" value=\"\" type=\"text\" name=\"your-firstname\" \/><\/span>\n<\/div>\n<\/div>\n\n<div class=\"two_columns_50_50 clearfix\">\n<div style=\"vertical-align:baseline;\" class=\"column1\">\n<label>E-mail *<\/label><\/div>\n<div class=\"column2\">\n<span class=\"wpcf7-form-control-wrap\" data-name=\"email\"><input size=\"40\" maxlength=\"100\" class=\"wpcf7-form-control wpcf7-email wpcf7-validates-as-required wpcf7-text wpcf7-validates-as-email\" aria-required=\"true\" aria-invalid=\"false\" value=\"\" type=\"email\" name=\"email\" \/><\/span>\n<\/div>\n<\/div>\n\n<div class=\"two_columns_50_50 clearfix\">\n<div style=\"vertical-align:baseline;\" class=\"column1\">\n<label>T\u00e9l\u00e9phone<\/label><\/div>\n<div class=\"column2\">\n<span class=\"wpcf7-form-control-wrap\" data-name=\"tel-number\"><input size=\"40\" maxlength=\"13\" minlength=\"9\" class=\"wpcf7-form-control wpcf7-tel wpcf7-text wpcf7-validates-as-tel\" autocomplete=\"tel\" aria-invalid=\"false\" value=\"\" type=\"tel\" name=\"tel-number\" \/><\/span>\n<\/div>\n<\/div>\n\n<hr\/>\n\n<div class=\"two_columns_50_50 clearfix\">\n<div class=\"column1\">\n<label>Pour quel fonction souhaitez-vous postuler? *<\/label><\/div>\n<div class=\"column2\">\n[select* select-postesvacants first_as_label \"S\u00e9lectionnez le poste souhait\u00e9\" \"Repr\u00e9sentant Commercial ind\u00e9pendant B2B Li\u00e8ge-Namur\" \"Repr\u00e9sentant Commercial ind\u00e9pendant B2B Anvers - Limbourg\" \"Recruteur Senior | Consultant en recherche de cadres\"  \"Market Lead \u2013 Digital Consumer Platform\" \"Business Controller \"Collaborateur Comptable\" \"Consultant en Recrutement\" \"Responsable des Ventes\" \"Comptable - Multinationale\" \"Sp\u00e9cialiste SEO \/ SEA\"]\n<\/div>\n<\/div>\n\n<div class=\"two_columns_50_50 clearfix\">\n<div class=\"column1\">\n<label>Profil linkedin <\/label><\/div>\n<div class=\"column2\">\n<span class=\"wpcf7-form-control-wrap\" data-name=\"your-linkedin\"><input size=\"40\" maxlength=\"400\" class=\"wpcf7-form-control wpcf7-text\" aria-invalid=\"false\" value=\"\" type=\"text\" name=\"your-linkedin\" \/><\/span>\n<\/div>\n<\/div>\n\n<div class=\"two_columns_50_50 clearfix\">\n<div class=\"column1\">\n<label>Veuillez inclure votre C.V. * (PDF)<\/label><\/div>\n<div class=\"column2\" style=\"padding:15px 10px 15px 10px;\">\n<span class=\"wpcf7-form-control-wrap\" data-name=\"file-757\"><input size=\"40\" class=\"wpcf7-form-control wpcf7-file wpcf7-validates-as-required\" accept=\"audio\/*,video\/*,image\/*,application\/pdf\" aria-required=\"true\" aria-invalid=\"false\" type=\"file\" name=\"file-757\" \/><\/span>\n<\/div>\n<\/div>\n\n<hr\/>\n\n<div class=\"two_columns_50_50 clearfix\">\n<div class=\"column1\">\n<label>Votre message<\/label><\/div>\n<div class=\"column2\">\n<span class=\"wpcf7-form-control-wrap\" data-name=\"your-message\"><textarea cols=\"40\" rows=\"10\" maxlength=\"2000\" class=\"wpcf7-form-control wpcf7-textarea\" aria-invalid=\"false\" name=\"your-message\"><\/textarea><\/span>\n<\/div>\n<\/div>\n\n<div class=\"two_columns_50_50 clearfix\" style=\"margin-bottom:25px;\">\n<div>\n<input class=\"wpcf7-form-control wpcf7-submit has-spinner\" type=\"submit\" value=\"Envoyer\" \/>\n<\/div>\n<\/div>\n\n<div class=\"two_columns_50_50 clearfix\" style=\"margin-bottom:25px;\">\n<div>\n<i>Nous ne vendons\/partageons jamais vos informations personelles<\/i>\n<\/div>\n<\/div>\n\n<\/div><div class=\"wpcf7-response-output\" aria-hidden=\"true\"><\/div>\n<\/form>\n<\/div>\n\n","protected":false},"excerpt":{"rendered":"Nom * Pr\u00e9nom * E-mail * T\u00e9l\u00e9phone Pour quel fonction souhaitez-vous postuler? * [select* select-postesvacants first_as_label \"S\u00e9lectionnez le poste souhait\u00e9\" \"Repr\u00e9sentant Commercial ind\u00e9pendant B2B Li\u00e8ge-Namur\" \"Repr\u00e9sentant Commercial ind\u00e9pendant B2B Anvers - Limbourg\" \"Recruteur Senior | Consultant en recherche de cadres\" \"Market Lead \u2013 Digital Consumer...","protected":false},"author":2,"featured_media":0,"parent":0,"menu_order":0,"comment_status":"closed","ping_status":"closed","template":"","meta":{"footnotes":""},"class_list":["post-4090","page","type-page","status-publish","hentry"],"yoast_head":"<!-- This site is optimized with the Yoast SEO plugin v27.5 - https:\/\/yoast.com\/product\/yoast-seo-wordpress\/ -->\n<title>Postuler | Emplois | Vichta Select<\/title>\n<meta name=\"description\" content=\"Envie de postuler? Envoi-nous rapidement ta candidature! Nous te r\u00e9pondront dans les plus brefs d\u00e9lais pour pouvoir fixer un entretien.\" \/>\n<meta name=\"robots\" content=\"index, follow, max-snippet:-1, max-image-preview:large, max-video-preview:-1\" \/>\n<link rel=\"canonical\" href=\"https:\/\/vichtaselect.be\/fr\/postuler\/\" \/>\n<meta property=\"og:locale\" content=\"fr_FR\" \/>\n<meta property=\"og:type\" content=\"article\" \/>\n<meta property=\"og:title\" content=\"Postuler | Emplois | Vichta Select\" \/>\n<meta property=\"og:description\" content=\"Envie de postuler? Envoi-nous rapidement ta candidature! Nous te r\u00e9pondront dans les plus brefs d\u00e9lais pour pouvoir fixer un entretien.\" \/>\n<meta property=\"og:url\" content=\"https:\/\/vichtaselect.be\/fr\/postuler\/\" \/>\n<meta property=\"og:site_name\" content=\"Vichta Select\" \/>\n<meta property=\"article:modified_time\" content=\"2025-11-27T09:38:46+00:00\" \/>\n<meta property=\"og:image\" content=\"https:\/\/vichtaselect.be\/wp-content\/uploads\/2022\/12\/smiling-recruiters-talking-to-applicant-2021-08-26-15-44-01-utc-scaled.jpg\" \/>\n\t<meta property=\"og:image:width\" content=\"2560\" \/>\n\t<meta property=\"og:image:height\" content=\"792\" \/>\n\t<meta property=\"og:image:type\" content=\"image\/jpeg\" \/>\n<meta name=\"twitter:card\" content=\"summary_large_image\" \/>\n<meta name=\"twitter:label1\" content=\"Dur\u00e9e de lecture estim\u00e9e\" \/>\n\t<meta name=\"twitter:data1\" content=\"1 minute\" \/>\n<script type=\"application\/ld+json\" class=\"yoast-schema-graph\">{\"@context\":\"https:\\\/\\\/schema.org\",\"@graph\":[{\"@type\":\"WebPage\",\"@id\":\"https:\\\/\\\/vichtaselect.be\\\/fr\\\/postuler\\\/\",\"url\":\"https:\\\/\\\/vichtaselect.be\\\/fr\\\/postuler\\\/\",\"name\":\"Postuler | Emplois | Vichta Select\",\"isPartOf\":{\"@id\":\"https:\\\/\\\/vichtaselect.be\\\/#website\"},\"primaryImageOfPage\":{\"@id\":\"https:\\\/\\\/vichtaselect.be\\\/fr\\\/postuler\\\/#primaryimage\"},\"image\":{\"@id\":\"https:\\\/\\\/vichtaselect.be\\\/fr\\\/postuler\\\/#primaryimage\"},\"thumbnailUrl\":\"https:\\\/\\\/vichtaselect.be\\\/wp-content\\\/uploads\\\/2022\\\/12\\\/smiling-recruiters-talking-to-applicant-2021-08-26-15-44-01-utc-1024x317.jpg\",\"datePublished\":\"2025-08-12T15:17:41+00:00\",\"dateModified\":\"2025-11-27T09:38:46+00:00\",\"description\":\"Envie de postuler? Envoi-nous rapidement ta candidature! Nous te r\u00e9pondront dans les plus brefs d\u00e9lais pour pouvoir fixer un entretien.\",\"breadcrumb\":{\"@id\":\"https:\\\/\\\/vichtaselect.be\\\/fr\\\/postuler\\\/#breadcrumb\"},\"inLanguage\":\"fr-FR\",\"potentialAction\":[{\"@type\":\"ReadAction\",\"target\":[\"https:\\\/\\\/vichtaselect.be\\\/fr\\\/postuler\\\/\"]}]},{\"@type\":\"ImageObject\",\"inLanguage\":\"fr-FR\",\"@id\":\"https:\\\/\\\/vichtaselect.be\\\/fr\\\/postuler\\\/#primaryimage\",\"url\":\"https:\\\/\\\/vichtaselect.be\\\/wp-content\\\/uploads\\\/2022\\\/12\\\/smiling-recruiters-talking-to-applicant-2021-08-26-15-44-01-utc-1024x317.jpg\",\"contentUrl\":\"https:\\\/\\\/vichtaselect.be\\\/wp-content\\\/uploads\\\/2022\\\/12\\\/smiling-recruiters-talking-to-applicant-2021-08-26-15-44-01-utc-1024x317.jpg\"},{\"@type\":\"BreadcrumbList\",\"@id\":\"https:\\\/\\\/vichtaselect.be\\\/fr\\\/postuler\\\/#breadcrumb\",\"itemListElement\":[{\"@type\":\"ListItem\",\"position\":1,\"name\":\"Home\",\"item\":\"https:\\\/\\\/vichtaselect.be\\\/fr\\\/\"},{\"@type\":\"ListItem\",\"position\":2,\"name\":\"Postuler\"}]},{\"@type\":\"WebSite\",\"@id\":\"https:\\\/\\\/vichtaselect.be\\\/#website\",\"url\":\"https:\\\/\\\/vichtaselect.be\\\/\",\"name\":\"Vichta Select\",\"description\":\"Recruitment professionals\",\"potentialAction\":[{\"@type\":\"SearchAction\",\"target\":{\"@type\":\"EntryPoint\",\"urlTemplate\":\"https:\\\/\\\/vichtaselect.be\\\/?s={search_term_string}\"},\"query-input\":{\"@type\":\"PropertyValueSpecification\",\"valueRequired\":true,\"valueName\":\"search_term_string\"}}],\"inLanguage\":\"fr-FR\"}]}<\/script>\n<!-- \/ Yoast SEO plugin. -->","yoast_head_json":{"title":"Postuler | Emplois | Vichta Select","description":"Envie de postuler? Envoi-nous rapidement ta candidature! Nous te r\u00e9pondront dans les plus brefs d\u00e9lais pour pouvoir fixer un entretien.","robots":{"index":"index","follow":"follow","max-snippet":"max-snippet:-1","max-image-preview":"max-image-preview:large","max-video-preview":"max-video-preview:-1"},"canonical":"https:\/\/vichtaselect.be\/fr\/postuler\/","og_locale":"fr_FR","og_type":"article","og_title":"Postuler | Emplois | Vichta Select","og_description":"Envie de postuler? Envoi-nous rapidement ta candidature! Nous te r\u00e9pondront dans les plus brefs d\u00e9lais pour pouvoir fixer un entretien.","og_url":"https:\/\/vichtaselect.be\/fr\/postuler\/","og_site_name":"Vichta Select","article_modified_time":"2025-11-27T09:38:46+00:00","og_image":[{"width":2560,"height":792,"url":"https:\/\/vichtaselect.be\/wp-content\/uploads\/2022\/12\/smiling-recruiters-talking-to-applicant-2021-08-26-15-44-01-utc-scaled.jpg","type":"image\/jpeg"}],"twitter_card":"summary_large_image","twitter_misc":{"Dur\u00e9e de lecture estim\u00e9e":"1 minute"},"schema":{"@context":"https:\/\/schema.org","@graph":[{"@type":"WebPage","@id":"https:\/\/vichtaselect.be\/fr\/postuler\/","url":"https:\/\/vichtaselect.be\/fr\/postuler\/","name":"Postuler | Emplois | Vichta Select","isPartOf":{"@id":"https:\/\/vichtaselect.be\/#website"},"primaryImageOfPage":{"@id":"https:\/\/vichtaselect.be\/fr\/postuler\/#primaryimage"},"image":{"@id":"https:\/\/vichtaselect.be\/fr\/postuler\/#primaryimage"},"thumbnailUrl":"https:\/\/vichtaselect.be\/wp-content\/uploads\/2022\/12\/smiling-recruiters-talking-to-applicant-2021-08-26-15-44-01-utc-1024x317.jpg","datePublished":"2025-08-12T15:17:41+00:00","dateModified":"2025-11-27T09:38:46+00:00","description":"Envie de postuler? Envoi-nous rapidement ta candidature! Nous te r\u00e9pondront dans les plus brefs d\u00e9lais pour pouvoir fixer un entretien.","breadcrumb":{"@id":"https:\/\/vichtaselect.be\/fr\/postuler\/#breadcrumb"},"inLanguage":"fr-FR","potentialAction":[{"@type":"ReadAction","target":["https:\/\/vichtaselect.be\/fr\/postuler\/"]}]},{"@type":"ImageObject","inLanguage":"fr-FR","@id":"https:\/\/vichtaselect.be\/fr\/postuler\/#primaryimage","url":"https:\/\/vichtaselect.be\/wp-content\/uploads\/2022\/12\/smiling-recruiters-talking-to-applicant-2021-08-26-15-44-01-utc-1024x317.jpg","contentUrl":"https:\/\/vichtaselect.be\/wp-content\/uploads\/2022\/12\/smiling-recruiters-talking-to-applicant-2021-08-26-15-44-01-utc-1024x317.jpg"},{"@type":"BreadcrumbList","@id":"https:\/\/vichtaselect.be\/fr\/postuler\/#breadcrumb","itemListElement":[{"@type":"ListItem","position":1,"name":"Home","item":"https:\/\/vichtaselect.be\/fr\/"},{"@type":"ListItem","position":2,"name":"Postuler"}]},{"@type":"WebSite","@id":"https:\/\/vichtaselect.be\/#website","url":"https:\/\/vichtaselect.be\/","name":"Vichta Select","description":"Recruitment professionals","potentialAction":[{"@type":"SearchAction","target":{"@type":"EntryPoint","urlTemplate":"https:\/\/vichtaselect.be\/?s={search_term_string}"},"query-input":{"@type":"PropertyValueSpecification","valueRequired":true,"valueName":"search_term_string"}}],"inLanguage":"fr-FR"}]}},"_links":{"self":[{"href":"https:\/\/vichtaselect.be\/fr\/wp-json\/wp\/v2\/pages\/4090","targetHints":{"allow":["GET"]}}],"collection":[{"href":"https:\/\/vichtaselect.be\/fr\/wp-json\/wp\/v2\/pages"}],"about":[{"href":"https:\/\/vichtaselect.be\/fr\/wp-json\/wp\/v2\/types\/page"}],"author":[{"embeddable":true,"href":"https:\/\/vichtaselect.be\/fr\/wp-json\/wp\/v2\/users\/2"}],"replies":[{"embeddable":true,"href":"https:\/\/vichtaselect.be\/fr\/wp-json\/wp\/v2\/comments?post=4090"}],"version-history":[{"count":0,"href":"https:\/\/vichtaselect.be\/fr\/wp-json\/wp\/v2\/pages\/4090\/revisions"}],"wp:attachment":[{"href":"https:\/\/vichtaselect.be\/fr\/wp-json\/wp\/v2\/media?parent=4090"}],"curies":[{"name":"wp","href":"https:\/\/api.w.org\/{rel}","templated":true}]}}