{"id":3980,"date":"2021-02-03T10:30:15","date_gmt":"2021-02-03T09:30:15","guid":{"rendered":"https:\/\/vichtaselect.be\/nos-valeurs\/"},"modified":"2026-03-19T16:42:53","modified_gmt":"2026-03-19T15:42:53","slug":"nos-valeurs","status":"publish","type":"page","link":"https:\/\/vichtaselect.be\/fr\/nos-valeurs\/","title":{"rendered":"Nos Valeurs"},"content":{"rendered":"\t\t<div data-elementor-type=\"wp-page\" data-elementor-id=\"3980\" class=\"elementor elementor-3980\">\n\t\t\t\t\t\t<section class=\"elementor-section elementor-top-section elementor-element elementor-element-86367f3 elementor-section-boxed elementor-section-height-default elementor-section-height-default parallax_section_no qode_elementor_container_no\" data-id=\"86367f3\" data-element_type=\"section\" data-e-type=\"section\">\n\t\t\t\t\t\t<div class=\"elementor-container elementor-column-gap-default\">\n\t\t\t\t\t<div class=\"elementor-column elementor-col-100 elementor-top-column elementor-element elementor-element-f1e86d7\" data-id=\"f1e86d7\" data-element_type=\"column\" data-e-type=\"column\">\n\t\t\t<div class=\"elementor-widget-wrap elementor-element-populated\">\n\t\t\t\t\t\t<div class=\"elementor-element elementor-element-acf063a elementor-widget elementor-widget-image\" data-id=\"acf063a\" data-element_type=\"widget\" data-e-type=\"widget\" data-widget_type=\"image.default\">\n\t\t\t\t<div class=\"elementor-widget-container\">\n\t\t\t\t\t\t\t\t\t\t\t\t\t\t\t<img fetchpriority=\"high\" decoding=\"async\" width=\"1024\" height=\"683\" src=\"https:\/\/spcdn.shortpixel.ai\/spio\/ret_img,q_cdnize,to_auto,s_webp:avif\/vichtaselect.be\/wp-content\/uploads\/2022\/12\/sales-rate-2021-09-24-03-25-19-utc-1024x683.jpg\" class=\"attachment-large size-large wp-image-4197\" alt=\"\" srcset=\"https:\/\/spcdn.shortpixel.ai\/spio\/ret_img,q_cdnize,to_auto,s_webp:avif\/vichtaselect.be\/wp-content\/uploads\/2022\/12\/sales-rate-2021-09-24-03-25-19-utc-1024x683.jpg 1024w, https:\/\/spcdn.shortpixel.ai\/spio\/ret_img,q_cdnize,to_auto,s_webp:avif\/vichtaselect.be\/wp-content\/uploads\/2022\/12\/sales-rate-2021-09-24-03-25-19-utc-300x200.jpg 300w, https:\/\/spcdn.shortpixel.ai\/spio\/ret_img,q_cdnize,to_auto,s_webp:avif\/vichtaselect.be\/wp-content\/uploads\/2022\/12\/sales-rate-2021-09-24-03-25-19-utc-768x512.jpg 768w, https:\/\/spcdn.shortpixel.ai\/spio\/ret_img,q_cdnize,to_auto,s_webp:avif\/vichtaselect.be\/wp-content\/uploads\/2022\/12\/sales-rate-2021-09-24-03-25-19-utc-1536x1024.jpg 1536w, https:\/\/spcdn.shortpixel.ai\/spio\/ret_img,q_cdnize,to_auto,s_webp:avif\/vichtaselect.be\/wp-content\/uploads\/2022\/12\/sales-rate-2021-09-24-03-25-19-utc-2048x1365.jpg 2048w, https:\/\/spcdn.shortpixel.ai\/spio\/ret_img,q_cdnize,to_auto,s_webp:avif\/vichtaselect.be\/wp-content\/uploads\/2022\/12\/sales-rate-2021-09-24-03-25-19-utc-700x467.jpg 700w\" sizes=\"(max-width: 1024px) 100vw, 1024px\" \/>\t\t\t\t\t\t\t\t\t\t\t\t\t\t\t<\/div>\n\t\t\t\t<\/div>\n\t\t\t\t\t<\/div>\n\t\t<\/div>\n\t\t\t\t\t<\/div>\n\t\t<\/section>\n\t\t\t\t<section class=\"elementor-section elementor-top-section elementor-element elementor-element-2736a9a elementor-section-boxed elementor-section-height-default elementor-section-height-default parallax_section_no qode_elementor_container_no\" data-id=\"2736a9a\" data-element_type=\"section\" data-e-type=\"section\">\n\t\t\t\t\t\t<div class=\"elementor-container elementor-column-gap-default\">\n\t\t\t\t\t<div class=\"elementor-column elementor-col-100 elementor-top-column elementor-element elementor-element-b8e0ee1\" data-id=\"b8e0ee1\" data-element_type=\"column\" data-e-type=\"column\">\n\t\t\t<div class=\"elementor-widget-wrap elementor-element-populated\">\n\t\t\t\t\t\t<div class=\"elementor-element elementor-element-506d5f7 elementor-widget elementor-widget-text-editor\" data-id=\"506d5f7\" data-element_type=\"widget\" data-e-type=\"widget\" data-widget_type=\"text-editor.default\">\n\t\t\t\t<div class=\"elementor-widget-container\">\n\t\t\t\t\t\t\t\t\t<h1 style=\"background-color: #0490b8; padding: 15px; color: white; text-transform: uppercase;\">Nos valeurs | Le socle de Vichta Select<\/h1>\n<p style=\"text-align: left; padding: 15px;\">Chez Vichta Select, nos valeurs ne sont pas de simples d\u00e9clarations : elles d\u00e9finissent notre mani\u00e8re de travailler au quotidien.<\/p>\n<div style=\"text-align: left; padding: 15px;\">Elles guident nos d\u00e9cisions, structurent nos partenariats et influencent la fa\u00e7on dont nous interagissons avec nos clients, nos candidats, nos freelances et nos coll\u00e8gues.<\/div>\n<div style=\"text-align: left; padding: 15px;\">Notre engagement vers l\u2019excellence en recrutement, staffing et sales solutions repose sur des principes solides.<\/div>\t\t\t\t\t\t\t\t<\/div>\n\t\t\t\t<\/div>\n\t\t\t\t\t<\/div>\n\t\t<\/div>\n\t\t\t\t\t<\/div>\n\t\t<\/section>\n\t\t\t\t<section class=\"elementor-section elementor-top-section elementor-element elementor-element-ae68774 elementor-section-boxed elementor-section-height-default elementor-section-height-default parallax_section_no qode_elementor_container_no\" data-id=\"ae68774\" data-element_type=\"section\" data-e-type=\"section\">\n\t\t\t\t\t\t<div class=\"elementor-container elementor-column-gap-default\">\n\t\t\t\t\t<div class=\"elementor-column elementor-col-50 elementor-top-column elementor-element elementor-element-eaa6c34\" data-id=\"eaa6c34\" data-element_type=\"column\" data-e-type=\"column\">\n\t\t\t<div class=\"elementor-widget-wrap elementor-element-populated\">\n\t\t\t\t\t\t<div class=\"elementor-element elementor-element-f554a79 elementor-widget elementor-widget-text-editor\" data-id=\"f554a79\" data-element_type=\"widget\" data-e-type=\"widget\" data-widget_type=\"text-editor.default\">\n\t\t\t\t<div class=\"elementor-widget-container\">\n\t\t\t\t\t\t\t\t\t<h2 style=\"background-color: #0490b8; padding: 15px; color: white; text-transform: uppercase;\">Int\u00e9grit\u00e9 | La confiance avant tout<\/h2>\n<p style=\"text-align: left; padding: 15px;\">Chez Vichta Select, nos valeurs ne sont pas de simples d\u00e9clarations : elles d\u00e9finissent notre mani\u00e8re de travailler chaque jour.<\/p>\n<p style=\"text-align: left; padding: 15px;\">Elles orientent nos d\u00e9cisions, fa\u00e7onnent nos collaborations et influencent la mani\u00e8re dont nous interagissons avec les clients, les candidats, les freelances et les coll\u00e8gues.<\/p>\n<p style=\"text-align: left; padding: 15px;\">Notre engagement en faveur de l\u2019excellence dans le recrutement, le staffing et les solutions commerciales commence par des principes forts.<\/p>\t\t\t\t\t\t\t\t<\/div>\n\t\t\t\t<\/div>\n\t\t\t\t\t<\/div>\n\t\t<\/div>\n\t\t\t\t<div class=\"elementor-column elementor-col-50 elementor-top-column elementor-element elementor-element-857ee8f\" data-id=\"857ee8f\" data-element_type=\"column\" data-e-type=\"column\">\n\t\t\t<div class=\"elementor-widget-wrap elementor-element-populated\">\n\t\t\t\t\t\t<div class=\"elementor-element elementor-element-47ff0f7 elementor-widget elementor-widget-text-editor\" data-id=\"47ff0f7\" data-element_type=\"widget\" data-e-type=\"widget\" data-widget_type=\"text-editor.default\">\n\t\t\t\t<div class=\"elementor-widget-container\">\n\t\t\t\t\t\t\t\t\t<h2 style=\"background-color: #0490b8; padding: 15px; color: white; text-transform: uppercase;\">Esprit d\u2019\u00e9quipe | Plus forts ensemble<\/h2>\n<p style=\"text-align: left; padding: 15px;\">Le succ\u00e8s en recrutement et en outsourcing ne se construit jamais seul.<\/p>\n<p style=\"text-align: left; padding: 15px;\">Nous collaborons entre \u00e9quipes, partageons nos connaissances du march\u00e9 et mettons en commun nos expertises afin de fournir les meilleurs r\u00e9sultats possibles. En travaillant comme une organisation unie, nous cr\u00e9ons de la valeur tant pour les entreprises que pour les professionnels.<\/p>\n<p style=\"text-align: left; padding: 15px;\">Le partage des connaissances et une communication ouverte nous permettent d\u2019am\u00e9liorer continuellement notre performance.<\/p>\t\t\t\t\t\t\t\t<\/div>\n\t\t\t\t<\/div>\n\t\t\t\t\t<\/div>\n\t\t<\/div>\n\t\t\t\t\t<\/div>\n\t\t<\/section>\n\t\t\t\t<section class=\"elementor-section elementor-top-section elementor-element elementor-element-9f567a5 elementor-section-boxed elementor-section-height-default elementor-section-height-default parallax_section_no qode_elementor_container_no\" data-id=\"9f567a5\" data-element_type=\"section\" data-e-type=\"section\">\n\t\t\t\t\t\t<div class=\"elementor-container elementor-column-gap-default\">\n\t\t\t\t\t<div class=\"elementor-column elementor-col-50 elementor-top-column elementor-element elementor-element-fc6dcb9\" data-id=\"fc6dcb9\" data-element_type=\"column\" data-e-type=\"column\">\n\t\t\t<div class=\"elementor-widget-wrap elementor-element-populated\">\n\t\t\t\t\t\t<div class=\"elementor-element elementor-element-ecab4d2 elementor-widget elementor-widget-text-editor\" data-id=\"ecab4d2\" data-element_type=\"widget\" data-e-type=\"widget\" data-widget_type=\"text-editor.default\">\n\t\t\t\t<div class=\"elementor-widget-container\">\n\t\t\t\t\t\t\t\t\t<h2 style=\"background-color: #0490b8; padding: 15px; color: white; text-transform: uppercase;\">Responsabilit\u00e9 | Livrer dans les d\u00e9lais<\/h2>\n<p style=\"text-align: left; padding: 15px;\">Lorsque des clients et des candidats nous confient leur activit\u00e9 ou leur carri\u00e8re, nous prenons cette responsabilit\u00e9 tr\u00e8s au s\u00e9rieux.<\/p>\n<p style=\"text-align: left; padding: 15px;\">Nous assumons pleinement la qualit\u00e9 de notre travail, les professionnels que nous pr\u00e9sentons et les conseils que nous apportons. Notre objectif est de construire des relations \u00e0 long terme, fond\u00e9es sur la fiabilit\u00e9 et sur des r\u00e9sultats mesurables.<\/p>\n<p style=\"text-align: left; padding: 15px;\">\u00catre responsable, c\u2019est respecter ses engagements et d\u00e9livrer ce que l\u2019on promet.<\/p>\t\t\t\t\t\t\t\t<\/div>\n\t\t\t\t<\/div>\n\t\t\t\t\t<\/div>\n\t\t<\/div>\n\t\t\t\t<div class=\"elementor-column elementor-col-50 elementor-top-column elementor-element elementor-element-e033ea1\" data-id=\"e033ea1\" data-element_type=\"column\" data-e-type=\"column\">\n\t\t\t<div class=\"elementor-widget-wrap elementor-element-populated\">\n\t\t\t\t\t\t<div class=\"elementor-element elementor-element-ddfe7fa elementor-widget elementor-widget-text-editor\" data-id=\"ddfe7fa\" data-element_type=\"widget\" data-e-type=\"widget\" data-widget_type=\"text-editor.default\">\n\t\t\t\t<div class=\"elementor-widget-container\">\n\t\t\t\t\t\t\t\t\t<h2 style=\"background-color: #0490b8; padding: 15px; color: white; text-transform: uppercase;\">Innovation | am\u00e9lioration continue<\/h2><p style=\"text-align: left; padding: 15px;\">Le march\u00e9 du recrutement et du staffing \u00e9volue en permanence.<\/p><p style=\"text-align: left; padding: 15px;\">Nous adoptons l\u2019innovation en am\u00e9liorant nos processus, en affinant nos strat\u00e9gies de recherche et en d\u00e9veloppant des approches plus intelligentes pour connecter les talents aux opportunit\u00e9s.<\/p><p style=\"text-align: left; padding: 15px;\">Notre ambition est de d\u00e9finir de nouveaux standards en mati\u00e8re de qualit\u00e9 de service, tout en nous adaptant aux besoins changeants des entreprises et des professionnels en Belgique et au-del\u00e0.<\/p>\t\t\t\t\t\t\t\t<\/div>\n\t\t\t\t<\/div>\n\t\t\t\t\t<\/div>\n\t\t<\/div>\n\t\t\t\t\t<\/div>\n\t\t<\/section>\n\t\t\t\t<section class=\"elementor-section elementor-top-section elementor-element elementor-element-de62f19 elementor-section-boxed elementor-section-height-default elementor-section-height-default parallax_section_no qode_elementor_container_no\" data-id=\"de62f19\" data-element_type=\"section\" data-e-type=\"section\">\n\t\t\t\t\t\t<div class=\"elementor-container elementor-column-gap-default\">\n\t\t\t\t\t<div class=\"elementor-column elementor-col-100 elementor-top-column elementor-element elementor-element-4719d0c\" data-id=\"4719d0c\" data-element_type=\"column\" data-e-type=\"column\">\n\t\t\t<div class=\"elementor-widget-wrap elementor-element-populated\">\n\t\t\t\t\t\t<div class=\"elementor-element elementor-element-fd4f733 elementor-widget elementor-widget-text-editor\" data-id=\"fd4f733\" data-element_type=\"widget\" data-e-type=\"widget\" data-widget_type=\"text-editor.default\">\n\t\t\t\t<div class=\"elementor-widget-container\">\n\t\t\t\t\t\t\t\t\t<h2 style=\"background-color: #0490b8; padding: 15px; color: white; text-transform: uppercase;\">Des valeurs qui soutiennent des partenariats durables<\/h2>\n<p style=\"text-align: left; padding: 15px;\">Chez Vichta Select, nos valeurs influencent chaque mission de recrutement, chaque solution de staffing et chaque projet d\u2019outsourcing.<\/p>\n<p style=\"text-align: left; padding: 15px;\">Elles constituent le fondement de nos relations et la raison pour laquelle clients, freelances et candidats continuent de nous faire confiance.<\/p>\n<p style=\"text-align: left; padding: 15px;\"><strong>Parce que des valeurs fortes cr\u00e9ent des partenariats solides.<\/p>\t\t\t\t\t\t\t\t<\/div>\n\t\t\t\t<\/div>\n\t\t\t\t\t<\/div>\n\t\t<\/div>\n\t\t\t\t\t<\/div>\n\t\t<\/section>\n\t\t\t\t<section class=\"elementor-section elementor-top-section elementor-element elementor-element-efbf9b0 elementor-section-boxed elementor-section-height-default elementor-section-height-default parallax_section_no qode_elementor_container_no\" data-id=\"efbf9b0\" data-element_type=\"section\" data-e-type=\"section\">\n\t\t\t\t\t\t<div class=\"elementor-container elementor-column-gap-default\">\n\t\t\t\t\t<div class=\"elementor-column elementor-col-100 elementor-top-column elementor-element elementor-element-44d0907\" data-id=\"44d0907\" data-element_type=\"column\" data-e-type=\"column\">\n\t\t\t<div class=\"elementor-widget-wrap elementor-element-populated\">\n\t\t\t\t\t\t<div class=\"elementor-element elementor-element-e61cb4e elementor-widget elementor-widget-bridge_button\" data-id=\"e61cb4e\" data-element_type=\"widget\" data-e-type=\"widget\" data-widget_type=\"bridge_button.default\">\n\t\t\t\t<div class=\"elementor-widget-container\">\n\t\t\t\t\t<a  itemprop=\"url\" href=\"https:\/\/vichtaselect.be\/fr\/contact\/\" target=\"_self\"  class=\"qbutton  big_large_full_width default  qode-button-shadow\" style=\"\">Contactez-nous<i class=\"qode_icon_font_awesome fa fa-bookmark qode_button_icon_element\"><\/i><\/a>\t\t\t\t<\/div>\n\t\t\t\t<\/div>\n\t\t\t\t\t<\/div>\n\t\t<\/div>\n\t\t\t\t\t<\/div>\n\t\t<\/section>\n\t\t\t\t<\/div>\n\t\t","protected":false},"excerpt":{"rendered":"<p>Nos valeurs | Le socle de Vichta Select Chez Vichta Select, nos valeurs ne sont pas de simples d\u00e9clarations : elles d\u00e9finissent notre mani\u00e8re de travailler au quotidien. Elles guident nos d\u00e9cisions, structurent nos partenariats et influencent la fa\u00e7on dont nous interagissons avec nos clients,&#8230;<\/p>\n","protected":false},"author":1,"featured_media":0,"parent":0,"menu_order":0,"comment_status":"closed","ping_status":"closed","template":"full_width.php","meta":{"footnotes":""},"class_list":["post-3980","page","type-page","status-publish","hentry"],"yoast_head":"<!-- This site is optimized with the Yoast SEO plugin v27.5 - https:\/\/yoast.com\/product\/yoast-seo-wordpress\/ -->\n<title>Nos Valeurs | Vichta Select Recrutement<\/title>\n<meta name=\"description\" content=\"Les valeurs de Vichta Select sont au c\u0153ur de toute notre organisation. Elles sont au centre de notre fonctionnement et guident nos strat\u00e9gies.\" \/>\n<meta name=\"robots\" content=\"index, follow, max-snippet:-1, max-image-preview:large, max-video-preview:-1\" \/>\n<link rel=\"canonical\" href=\"https:\/\/vichtaselect.be\/fr\/nos-valeurs\/\" \/>\n<meta property=\"og:locale\" content=\"fr_FR\" \/>\n<meta property=\"og:type\" content=\"article\" \/>\n<meta property=\"og:title\" content=\"Nos Valeurs | Vichta Select Recrutement\" \/>\n<meta property=\"og:description\" content=\"Les valeurs de Vichta Select sont au c\u0153ur de toute notre organisation. Elles sont au centre de notre fonctionnement et guident nos strat\u00e9gies.\" \/>\n<meta property=\"og:url\" content=\"https:\/\/vichtaselect.be\/fr\/nos-valeurs\/\" \/>\n<meta property=\"og:site_name\" content=\"Vichta Select\" \/>\n<meta property=\"article:modified_time\" content=\"2026-03-19T15:42:53+00:00\" \/>\n<meta property=\"og:image\" content=\"https:\/\/vichtaselect.be\/wp-content\/uploads\/2022\/12\/sales-rate-2021-09-24-03-25-19-utc-scaled.jpg\" \/>\n\t<meta property=\"og:image:width\" content=\"2560\" \/>\n\t<meta property=\"og:image:height\" content=\"1707\" \/>\n\t<meta property=\"og:image:type\" content=\"image\/jpeg\" \/>\n<meta name=\"twitter:card\" content=\"summary_large_image\" \/>\n<meta name=\"twitter:label1\" content=\"Dur\u00e9e de lecture estim\u00e9e\" \/>\n\t<meta name=\"twitter:data1\" content=\"2 minutes\" \/>\n<script type=\"application\/ld+json\" class=\"yoast-schema-graph\">{\"@context\":\"https:\\\/\\\/schema.org\",\"@graph\":[{\"@type\":\"WebPage\",\"@id\":\"https:\\\/\\\/vichtaselect.be\\\/fr\\\/nos-valeurs\\\/\",\"url\":\"https:\\\/\\\/vichtaselect.be\\\/fr\\\/nos-valeurs\\\/\",\"name\":\"Nos Valeurs | Vichta Select Recrutement\",\"isPartOf\":{\"@id\":\"https:\\\/\\\/vichtaselect.be\\\/#website\"},\"primaryImageOfPage\":{\"@id\":\"https:\\\/\\\/vichtaselect.be\\\/fr\\\/nos-valeurs\\\/#primaryimage\"},\"image\":{\"@id\":\"https:\\\/\\\/vichtaselect.be\\\/fr\\\/nos-valeurs\\\/#primaryimage\"},\"thumbnailUrl\":\"https:\\\/\\\/vichtaselect.be\\\/wp-content\\\/uploads\\\/2022\\\/12\\\/sales-rate-2021-09-24-03-25-19-utc-1024x683.jpg\",\"datePublished\":\"2021-02-03T09:30:15+00:00\",\"dateModified\":\"2026-03-19T15:42:53+00:00\",\"description\":\"Les valeurs de Vichta Select sont au c\u0153ur de toute notre organisation. Elles sont au centre de notre fonctionnement et guident nos strat\u00e9gies.\",\"breadcrumb\":{\"@id\":\"https:\\\/\\\/vichtaselect.be\\\/fr\\\/nos-valeurs\\\/#breadcrumb\"},\"inLanguage\":\"fr-FR\",\"potentialAction\":[{\"@type\":\"ReadAction\",\"target\":[\"https:\\\/\\\/vichtaselect.be\\\/fr\\\/nos-valeurs\\\/\"]}]},{\"@type\":\"ImageObject\",\"inLanguage\":\"fr-FR\",\"@id\":\"https:\\\/\\\/vichtaselect.be\\\/fr\\\/nos-valeurs\\\/#primaryimage\",\"url\":\"https:\\\/\\\/vichtaselect.be\\\/wp-content\\\/uploads\\\/2022\\\/12\\\/sales-rate-2021-09-24-03-25-19-utc-1024x683.jpg\",\"contentUrl\":\"https:\\\/\\\/vichtaselect.be\\\/wp-content\\\/uploads\\\/2022\\\/12\\\/sales-rate-2021-09-24-03-25-19-utc-1024x683.jpg\"},{\"@type\":\"BreadcrumbList\",\"@id\":\"https:\\\/\\\/vichtaselect.be\\\/fr\\\/nos-valeurs\\\/#breadcrumb\",\"itemListElement\":[{\"@type\":\"ListItem\",\"position\":1,\"name\":\"Home\",\"item\":\"https:\\\/\\\/vichtaselect.be\\\/fr\\\/\"},{\"@type\":\"ListItem\",\"position\":2,\"name\":\"Nos Valeurs\"}]},{\"@type\":\"WebSite\",\"@id\":\"https:\\\/\\\/vichtaselect.be\\\/#website\",\"url\":\"https:\\\/\\\/vichtaselect.be\\\/\",\"name\":\"Vichta Select\",\"description\":\"Recruitment professionals\",\"potentialAction\":[{\"@type\":\"SearchAction\",\"target\":{\"@type\":\"EntryPoint\",\"urlTemplate\":\"https:\\\/\\\/vichtaselect.be\\\/?s={search_term_string}\"},\"query-input\":{\"@type\":\"PropertyValueSpecification\",\"valueRequired\":true,\"valueName\":\"search_term_string\"}}],\"inLanguage\":\"fr-FR\"}]}<\/script>\n<!-- \/ Yoast SEO plugin. -->","yoast_head_json":{"title":"Nos Valeurs | Vichta Select Recrutement","description":"Les valeurs de Vichta Select sont au c\u0153ur de toute notre organisation. Elles sont au centre de notre fonctionnement et guident nos strat\u00e9gies.","robots":{"index":"index","follow":"follow","max-snippet":"max-snippet:-1","max-image-preview":"max-image-preview:large","max-video-preview":"max-video-preview:-1"},"canonical":"https:\/\/vichtaselect.be\/fr\/nos-valeurs\/","og_locale":"fr_FR","og_type":"article","og_title":"Nos Valeurs | Vichta Select Recrutement","og_description":"Les valeurs de Vichta Select sont au c\u0153ur de toute notre organisation. Elles sont au centre de notre fonctionnement et guident nos strat\u00e9gies.","og_url":"https:\/\/vichtaselect.be\/fr\/nos-valeurs\/","og_site_name":"Vichta Select","article_modified_time":"2026-03-19T15:42:53+00:00","og_image":[{"width":2560,"height":1707,"url":"https:\/\/vichtaselect.be\/wp-content\/uploads\/2022\/12\/sales-rate-2021-09-24-03-25-19-utc-scaled.jpg","type":"image\/jpeg"}],"twitter_card":"summary_large_image","twitter_misc":{"Dur\u00e9e de lecture estim\u00e9e":"2 minutes"},"schema":{"@context":"https:\/\/schema.org","@graph":[{"@type":"WebPage","@id":"https:\/\/vichtaselect.be\/fr\/nos-valeurs\/","url":"https:\/\/vichtaselect.be\/fr\/nos-valeurs\/","name":"Nos Valeurs | Vichta Select Recrutement","isPartOf":{"@id":"https:\/\/vichtaselect.be\/#website"},"primaryImageOfPage":{"@id":"https:\/\/vichtaselect.be\/fr\/nos-valeurs\/#primaryimage"},"image":{"@id":"https:\/\/vichtaselect.be\/fr\/nos-valeurs\/#primaryimage"},"thumbnailUrl":"https:\/\/vichtaselect.be\/wp-content\/uploads\/2022\/12\/sales-rate-2021-09-24-03-25-19-utc-1024x683.jpg","datePublished":"2021-02-03T09:30:15+00:00","dateModified":"2026-03-19T15:42:53+00:00","description":"Les valeurs de Vichta Select sont au c\u0153ur de toute notre organisation. Elles sont au centre de notre fonctionnement et guident nos strat\u00e9gies.","breadcrumb":{"@id":"https:\/\/vichtaselect.be\/fr\/nos-valeurs\/#breadcrumb"},"inLanguage":"fr-FR","potentialAction":[{"@type":"ReadAction","target":["https:\/\/vichtaselect.be\/fr\/nos-valeurs\/"]}]},{"@type":"ImageObject","inLanguage":"fr-FR","@id":"https:\/\/vichtaselect.be\/fr\/nos-valeurs\/#primaryimage","url":"https:\/\/vichtaselect.be\/wp-content\/uploads\/2022\/12\/sales-rate-2021-09-24-03-25-19-utc-1024x683.jpg","contentUrl":"https:\/\/vichtaselect.be\/wp-content\/uploads\/2022\/12\/sales-rate-2021-09-24-03-25-19-utc-1024x683.jpg"},{"@type":"BreadcrumbList","@id":"https:\/\/vichtaselect.be\/fr\/nos-valeurs\/#breadcrumb","itemListElement":[{"@type":"ListItem","position":1,"name":"Home","item":"https:\/\/vichtaselect.be\/fr\/"},{"@type":"ListItem","position":2,"name":"Nos Valeurs"}]},{"@type":"WebSite","@id":"https:\/\/vichtaselect.be\/#website","url":"https:\/\/vichtaselect.be\/","name":"Vichta Select","description":"Recruitment professionals","potentialAction":[{"@type":"SearchAction","target":{"@type":"EntryPoint","urlTemplate":"https:\/\/vichtaselect.be\/?s={search_term_string}"},"query-input":{"@type":"PropertyValueSpecification","valueRequired":true,"valueName":"search_term_string"}}],"inLanguage":"fr-FR"}]}},"_links":{"self":[{"href":"https:\/\/vichtaselect.be\/fr\/wp-json\/wp\/v2\/pages\/3980","targetHints":{"allow":["GET"]}}],"collection":[{"href":"https:\/\/vichtaselect.be\/fr\/wp-json\/wp\/v2\/pages"}],"about":[{"href":"https:\/\/vichtaselect.be\/fr\/wp-json\/wp\/v2\/types\/page"}],"author":[{"embeddable":true,"href":"https:\/\/vichtaselect.be\/fr\/wp-json\/wp\/v2\/users\/1"}],"replies":[{"embeddable":true,"href":"https:\/\/vichtaselect.be\/fr\/wp-json\/wp\/v2\/comments?post=3980"}],"version-history":[{"count":2,"href":"https:\/\/vichtaselect.be\/fr\/wp-json\/wp\/v2\/pages\/3980\/revisions"}],"predecessor-version":[{"id":4801,"href":"https:\/\/vichtaselect.be\/fr\/wp-json\/wp\/v2\/pages\/3980\/revisions\/4801"}],"wp:attachment":[{"href":"https:\/\/vichtaselect.be\/fr\/wp-json\/wp\/v2\/media?parent=3980"}],"curies":[{"name":"wp","href":"https:\/\/api.w.org\/{rel}","templated":true}]}}