{"id":3979,"date":"2022-12-17T13:43:02","date_gmt":"2022-12-17T12:43:02","guid":{"rendered":"https:\/\/vichtaselect.be\/jobs-2\/"},"modified":"2026-03-19T15:35:06","modified_gmt":"2026-03-19T14:35:06","slug":"jobs","status":"publish","type":"page","link":"https:\/\/vichtaselect.be\/fr\/jobs\/","title":{"rendered":"Jobs"},"content":{"rendered":"\t\t<div data-elementor-type=\"wp-page\" data-elementor-id=\"3979\" class=\"elementor elementor-3979\">\n\t\t\t\t\t\t<section class=\"elementor-section elementor-top-section elementor-element elementor-element-c510b4b elementor-section-boxed elementor-section-height-default elementor-section-height-default parallax_section_no qode_elementor_container_no\" data-id=\"c510b4b\" data-element_type=\"section\" data-e-type=\"section\">\n\t\t\t\t\t\t<div class=\"elementor-container elementor-column-gap-default\">\n\t\t\t\t\t<div class=\"elementor-column elementor-col-100 elementor-top-column elementor-element elementor-element-c8ef020\" data-id=\"c8ef020\" data-element_type=\"column\" data-e-type=\"column\">\n\t\t\t<div class=\"elementor-widget-wrap elementor-element-populated\">\n\t\t\t\t\t\t<div class=\"elementor-element elementor-element-3561008 elementor-widget elementor-widget-text-editor\" data-id=\"3561008\" data-element_type=\"widget\" data-e-type=\"widget\" data-widget_type=\"text-editor.default\">\n\t\t\t\t<div class=\"elementor-widget-container\">\n\t\t\t\t\t\t\t\t\t<h2 style=\"background-color: #0490b8; padding: 25px 15px; color: white; text-transform: uppercase; text-align: left; margin: 0;\">Bonjour \u2014 \u00e0 la recherche de votre prochain job ?<\/h2>\n<div style=\"text-align: left; padding: 15px;\">Vous \u00eates au bon endroit. Nous avons plusieurs opportunit\u00e9s ouvertes et nous sommes toujours \u00e0 la recherche de nouveaux talents pour rejoindre notre \u00e9quipe.<\/div>\n<div style=\"text-align: left; padding: 15px;\">Que vous soyez int\u00e9ress\u00e9 par la tech, le marketing, le service client ou un tout autre domaine, il y a de fortes chances que nous ayons une opportunit\u00e9 qui vous corresponde.<\/div>\n<div style=\"text-align: left; padding: 15px;\">Parcourez les offres ci-dessous et d\u00e9couvrez le poste qui pourrait \u00eatre le bon match pour vous.<\/div>\n<hr style=\"margin: 25px 0px;\" \/>\n<div style=\"text-align: left; padding: 15px;\"><div class=\"job_listings\" data-location=\"\" data-keywords=\"\" data-show_filters=\"true\" data-show_pagination=\"false\" data-per_page=\"30\" data-orderby=\"featured\" data-order=\"DESC\" data-categories=\"\" data-disable-form-state-storage=\"\" data-featured_first=\"false\" data-post_id=\"3979\" >\n<form class=\"job_filters\">\n\t\n\t<div class=\"search_jobs\">\n\t\t\n\t\t<div class=\"search_keywords\">\n\t\t\t<label for=\"search_keywords\">Mots-cl\u00e9s<\/label>\n\t\t\t<input type=\"text\" name=\"search_keywords\" id=\"search_keywords\" placeholder=\"Mots-cl\u00e9s\" value=\"\" \/>\n\t\t<\/div>\n\n\t\t<div class=\"search_location\">\n\t\t\t<label for=\"search_location\">Localisation<\/label>\n\t\t\t<input type=\"text\" name=\"search_location\" id=\"search_location\" placeholder=\"Localisation\" value=\"\" \/>\n\t\t<\/div>\n\n\t\t\t\t\t<div class=\"search_remote_position\">\n\t\t\t\t<input type=\"checkbox\" class=\"input-checkbox\" name=\"remote_position\" id=\"remote_position\" placeholder=\"Localisation\" value=\"1\"  \/>\n\t\t\t\t<label for=\"remote_position\" id=\"remote_position_label\">Postes en t\u00e9l\u00e9travail uniquement<\/label>\n\t\t\t<\/div>\n\t\t\n\t\t<div style=\"clear: both\"><\/div>\n\n\t\t\n\t\t\t\t\t<div class=\"search_submit\">\n\t\t\t\t<input type=\"submit\" value=\"Rechercher des offres d\u2019emploi\">\n\t\t\t<\/div>\n\t\t\n\t\t\t<\/div>\n\n\t\t<ul class=\"job_types\">\n\t\t\t<\/ul>\n\t<input type=\"hidden\" name=\"filter_job_type[]\" value=\"\" \/>\n<div class=\"showing_jobs\"><\/div><\/form>\n\n\n<noscript>Votre navigateur ne supporte pas JavaScript, ou bien JavaScript est d\u00e9sactiv\u00e9. JavaScript doit \u00eatre activ\u00e9 pour pouvoir visualiser des postes.<\/noscript>\n<ul class=\"job_listings\">\n<\/ul>\n<a class=\"load_more_jobs\" href=\"#\" style=\"display:none;\"><strong>Afficher plus d\u2019offres<\/strong><\/a><\/div>\n<\/div>\t\t\t\t\t\t\t\t<\/div>\n\t\t\t\t<\/div>\n\t\t\t\t\t<\/div>\n\t\t<\/div>\n\t\t\t\t\t<\/div>\n\t\t<\/section>\n\t\t\t\t<\/div>\n\t\t","protected":false},"excerpt":{"rendered":"<p>Bonjour \u2014 \u00e0 la recherche de votre prochain job ? Vous \u00eates au bon endroit. Nous avons plusieurs opportunit\u00e9s ouvertes et nous sommes toujours \u00e0 la recherche de nouveaux talents pour rejoindre notre \u00e9quipe. Que vous soyez int\u00e9ress\u00e9 par la tech, le marketing, le service&#8230;<\/p>\n","protected":false},"author":1,"featured_media":0,"parent":0,"menu_order":0,"comment_status":"closed","ping_status":"closed","template":"full_width.php","meta":{"footnotes":""},"class_list":["post-3979","page","type-page","status-publish","hentry"],"yoast_head":"<!-- This site is optimized with the Yoast SEO plugin v27.5 - https:\/\/yoast.com\/product\/yoast-seo-wordpress\/ -->\n<title>Jobs \/ Emplois | Vichta Select Professionnels du Recrutement<\/title>\n<meta name=\"description\" content=\"Tu cherches ton prochain emploi ? Parfait ! Nous avons des postes \u00e0 pourvoir et nous recherchons de talents pour rejoindre nos \u00e9quipes.\" \/>\n<meta name=\"robots\" content=\"index, follow, max-snippet:-1, max-image-preview:large, max-video-preview:-1\" \/>\n<link rel=\"canonical\" href=\"https:\/\/vichtaselect.be\/fr\/jobs\/\" \/>\n<meta property=\"og:locale\" content=\"fr_FR\" \/>\n<meta property=\"og:type\" content=\"article\" \/>\n<meta property=\"og:title\" content=\"Jobs \/ Emplois | Vichta Select Professionnels du Recrutement\" \/>\n<meta property=\"og:description\" content=\"Tu cherches ton prochain emploi ? Parfait ! Nous avons des postes \u00e0 pourvoir et nous recherchons de talents pour rejoindre nos \u00e9quipes.\" \/>\n<meta property=\"og:url\" content=\"https:\/\/vichtaselect.be\/fr\/jobs\/\" \/>\n<meta property=\"og:site_name\" content=\"Vichta Select\" \/>\n<meta property=\"article:modified_time\" content=\"2026-03-19T14:35:06+00:00\" \/>\n<meta name=\"twitter:card\" content=\"summary_large_image\" \/>\n<meta name=\"twitter:label1\" content=\"Dur\u00e9e de lecture estim\u00e9e\" \/>\n\t<meta name=\"twitter:data1\" content=\"1 minute\" \/>\n<script type=\"application\/ld+json\" class=\"yoast-schema-graph\">{\"@context\":\"https:\\\/\\\/schema.org\",\"@graph\":[{\"@type\":\"WebPage\",\"@id\":\"https:\\\/\\\/vichtaselect.be\\\/fr\\\/jobs\\\/\",\"url\":\"https:\\\/\\\/vichtaselect.be\\\/fr\\\/jobs\\\/\",\"name\":\"Jobs \\\/ Emplois | Vichta Select Professionnels du Recrutement\",\"isPartOf\":{\"@id\":\"https:\\\/\\\/vichtaselect.be\\\/#website\"},\"datePublished\":\"2022-12-17T12:43:02+00:00\",\"dateModified\":\"2026-03-19T14:35:06+00:00\",\"description\":\"Tu cherches ton prochain emploi ? Parfait ! Nous avons des postes \u00e0 pourvoir et nous recherchons de talents pour rejoindre nos \u00e9quipes.\",\"breadcrumb\":{\"@id\":\"https:\\\/\\\/vichtaselect.be\\\/fr\\\/jobs\\\/#breadcrumb\"},\"inLanguage\":\"fr-FR\",\"potentialAction\":[{\"@type\":\"ReadAction\",\"target\":[\"https:\\\/\\\/vichtaselect.be\\\/fr\\\/jobs\\\/\"]}]},{\"@type\":\"BreadcrumbList\",\"@id\":\"https:\\\/\\\/vichtaselect.be\\\/fr\\\/jobs\\\/#breadcrumb\",\"itemListElement\":[{\"@type\":\"ListItem\",\"position\":1,\"name\":\"Home\",\"item\":\"https:\\\/\\\/vichtaselect.be\\\/fr\\\/\"},{\"@type\":\"ListItem\",\"position\":2,\"name\":\"Jobs\"}]},{\"@type\":\"WebSite\",\"@id\":\"https:\\\/\\\/vichtaselect.be\\\/#website\",\"url\":\"https:\\\/\\\/vichtaselect.be\\\/\",\"name\":\"Vichta Select\",\"description\":\"Recruitment professionals\",\"potentialAction\":[{\"@type\":\"SearchAction\",\"target\":{\"@type\":\"EntryPoint\",\"urlTemplate\":\"https:\\\/\\\/vichtaselect.be\\\/?s={search_term_string}\"},\"query-input\":{\"@type\":\"PropertyValueSpecification\",\"valueRequired\":true,\"valueName\":\"search_term_string\"}}],\"inLanguage\":\"fr-FR\"}]}<\/script>\n<!-- \/ Yoast SEO plugin. -->","yoast_head_json":{"title":"Jobs \/ Emplois | Vichta Select Professionnels du Recrutement","description":"Tu cherches ton prochain emploi ? Parfait ! Nous avons des postes \u00e0 pourvoir et nous recherchons de talents pour rejoindre nos \u00e9quipes.","robots":{"index":"index","follow":"follow","max-snippet":"max-snippet:-1","max-image-preview":"max-image-preview:large","max-video-preview":"max-video-preview:-1"},"canonical":"https:\/\/vichtaselect.be\/fr\/jobs\/","og_locale":"fr_FR","og_type":"article","og_title":"Jobs \/ Emplois | Vichta Select Professionnels du Recrutement","og_description":"Tu cherches ton prochain emploi ? Parfait ! Nous avons des postes \u00e0 pourvoir et nous recherchons de talents pour rejoindre nos \u00e9quipes.","og_url":"https:\/\/vichtaselect.be\/fr\/jobs\/","og_site_name":"Vichta Select","article_modified_time":"2026-03-19T14:35:06+00:00","twitter_card":"summary_large_image","twitter_misc":{"Dur\u00e9e de lecture estim\u00e9e":"1 minute"},"schema":{"@context":"https:\/\/schema.org","@graph":[{"@type":"WebPage","@id":"https:\/\/vichtaselect.be\/fr\/jobs\/","url":"https:\/\/vichtaselect.be\/fr\/jobs\/","name":"Jobs \/ Emplois | Vichta Select Professionnels du Recrutement","isPartOf":{"@id":"https:\/\/vichtaselect.be\/#website"},"datePublished":"2022-12-17T12:43:02+00:00","dateModified":"2026-03-19T14:35:06+00:00","description":"Tu cherches ton prochain emploi ? Parfait ! Nous avons des postes \u00e0 pourvoir et nous recherchons de talents pour rejoindre nos \u00e9quipes.","breadcrumb":{"@id":"https:\/\/vichtaselect.be\/fr\/jobs\/#breadcrumb"},"inLanguage":"fr-FR","potentialAction":[{"@type":"ReadAction","target":["https:\/\/vichtaselect.be\/fr\/jobs\/"]}]},{"@type":"BreadcrumbList","@id":"https:\/\/vichtaselect.be\/fr\/jobs\/#breadcrumb","itemListElement":[{"@type":"ListItem","position":1,"name":"Home","item":"https:\/\/vichtaselect.be\/fr\/"},{"@type":"ListItem","position":2,"name":"Jobs"}]},{"@type":"WebSite","@id":"https:\/\/vichtaselect.be\/#website","url":"https:\/\/vichtaselect.be\/","name":"Vichta Select","description":"Recruitment professionals","potentialAction":[{"@type":"SearchAction","target":{"@type":"EntryPoint","urlTemplate":"https:\/\/vichtaselect.be\/?s={search_term_string}"},"query-input":{"@type":"PropertyValueSpecification","valueRequired":true,"valueName":"search_term_string"}}],"inLanguage":"fr-FR"}]}},"_links":{"self":[{"href":"https:\/\/vichtaselect.be\/fr\/wp-json\/wp\/v2\/pages\/3979","targetHints":{"allow":["GET"]}}],"collection":[{"href":"https:\/\/vichtaselect.be\/fr\/wp-json\/wp\/v2\/pages"}],"about":[{"href":"https:\/\/vichtaselect.be\/fr\/wp-json\/wp\/v2\/types\/page"}],"author":[{"embeddable":true,"href":"https:\/\/vichtaselect.be\/fr\/wp-json\/wp\/v2\/users\/1"}],"replies":[{"embeddable":true,"href":"https:\/\/vichtaselect.be\/fr\/wp-json\/wp\/v2\/comments?post=3979"}],"version-history":[{"count":2,"href":"https:\/\/vichtaselect.be\/fr\/wp-json\/wp\/v2\/pages\/3979\/revisions"}],"predecessor-version":[{"id":4787,"href":"https:\/\/vichtaselect.be\/fr\/wp-json\/wp\/v2\/pages\/3979\/revisions\/4787"}],"wp:attachment":[{"href":"https:\/\/vichtaselect.be\/fr\/wp-json\/wp\/v2\/media?parent=3979"}],"curies":[{"name":"wp","href":"https:\/\/api.w.org\/{rel}","templated":true}]}}